{"id":189,"date":"2015-08-30T10:43:52","date_gmt":"2015-08-30T10:43:52","guid":{"rendered":"https:\/\/valueinvestorasia.com\/?page_id=189"},"modified":"2015-09-02T22:43:40","modified_gmt":"2015-09-02T22:43:40","slug":"conference-2015","status":"publish","type":"page","link":"https:\/\/www.valueinvest.com\/hongkong\/conference-2015\/","title":{"rendered":"London Value Investor Conference 2015"},"content":{"rendered":"<h3 style=\"text-align: center;\"><strong>2015 conference overview video<\/strong><\/h3>\n<p style=\"text-align: center;\"><iframe loading=\"lazy\" src=\"https:\/\/www.youtube.com\/embed\/j_f_K3B7bUE?modestbranding=1&amp;hd=1&amp;rel=0\" width=\"586\" height=\"360\" frameborder=\"0\" allowfullscreen=\"allowfullscreen\"><\/iframe><\/p>\n<h4 id=\"photos\" style=\"text-align: center;\"><strong><a href=\"https:\/\/www.valueinvest.com\/london\/past-events\/conference-2015\/#wppa-container-1\" target=\"_blank\">Photos from London Value Investor Conference 2015<\/a><\/strong><\/h4>\n<p style=\"text-align: center;\"><strong><a href=\"https:\/\/www.valueinvest.com\/london\/the-peter-cundill-foundation-dinner\">Click here<\/a> to view photos of the Peter Cundill Foundation Dinner in Aid of Child Bereavement UK<\/strong><\/p>\n<p>&nbsp;<\/p>\n<p><strong>Moderator: David Shapiro<\/strong><\/p>\n<table class=\"programmeTbl\" border=\"1\" cellspacing=\"0\" cellpadding=\"0\">\n<thead>\n<tr>\n<td style=\"padding: 8px 10px; border-right: 1px solid #D7D7D7;\" colspan=\"2\"><strong>Wednesday, 20th May 2015<\/strong><\/td>\n<\/tr>\n<\/thead>\n<tbody>\n<tr>\n<td style=\"width: 75px; text-align: center;\">07.30-08.30<\/td>\n<td><strong>Registration<\/strong><\/td>\n<\/tr>\n<tr>\n<td style=\"text-align: center;\">08.30-08.40<\/td>\n<td><strong><em>Opening Remarks<\/em><\/strong><strong> \u2013 <a href=\"https:\/\/www.valueinvest.com\/london\/jonathan-mills\/\" target=\"_blank\">Jonathan Mills, Metropolis Capital<\/a><\/strong><\/td>\n<\/tr>\n<tr>\n<td style=\"text-align: center;\">08.40-09.20<\/td>\n<td><a href=\"https:\/\/www.valueinvest.com\/london\/speakers\/#1526\" target=\"_blank\"><strong>Jonathan Ruffer, Ruffer LLP &amp; Auckland Castle Trust<\/strong><\/a><strong> \u2013 <em>Foghorns in the Fog<\/em><\/strong><\/td>\n<\/tr>\n<tr>\n<td style=\"text-align: center;\">09.20-10.00<\/td>\n<td><strong><a href=\"https:\/\/www.valueinvest.com\/london\/speakers\/#1712\" target=\"_blank\">Jeff Everett, EverKey Global Equity<\/a> &#8211; Ageless Insights &#8211; <\/strong><strong><em>Sir John Templeton\u2019s Insights from Seven Decades of Investor Correspondence<\/em><\/strong><\/td>\n<\/tr>\n<tr>\n<td style=\"text-align: center;\">10.00-10.40<\/td>\n<td style=\"text-align: left;\"><strong><a href=\"https:\/\/www.valueinvest.com\/london\/speakers\/#1317\" target=\"_blank\">Tim Hartch, Brown Brothers Harriman<\/a> \u2013 <em>Calculating Intrinsic Value<\/em><\/strong><\/td>\n<\/tr>\n<tr>\n<td style=\"text-align: center;\">10.40-11.10<\/td>\n<td><strong>Coffee and networking break<\/strong><\/td>\n<\/tr>\n<tr>\n<td style=\"text-align: center;\">11.10-11.50<\/td>\n<td style=\"text-align: left;\"><a href=\"https:\/\/www.valueinvest.com\/london\/speakers\/#1540\" target=\"_blank\"><strong>Hassan Elmasry, Independent Franchise Partners<\/strong><\/a><strong> \u2013 <em>Franchise Investing<\/em><\/strong><\/td>\n<\/tr>\n<tr>\n<td style=\"text-align: center;\">11.50-12.30<\/td>\n<td><strong><a href=\"https:\/\/www.valueinvest.com\/london\/andrew-cormie\/\" target=\"_blank\">Kevin Gibson, Eastspring Investments<\/a> \u2013 <em>Why Forecasting Fails Amid a World of Uncertainty<\/em><\/strong><\/td>\n<\/tr>\n<tr>\n<td style=\"text-align: center;\">12.30-13.10<\/td>\n<td><strong><a href=\"https:\/\/www.valueinvest.com\/london\/speakers\/#1522\" target=\"_blank\">Charles Brandes, Brandes Investment Partners<\/a> \u2013 <em>Enduring Principles of Value Investing: Audience Q&amp;A led by Richard Oldfield<\/em><\/strong><\/td>\n<\/tr>\n<tr>\n<td style=\"text-align: center;\">13.10-14.10<\/td>\n<td><strong>Lunch<\/strong><\/td>\n<\/tr>\n<tr>\n<td style=\"text-align: center;\">14.10-14.50<\/td>\n<td><strong><a href=\"https:\/\/www.valueinvest.com\/london\/speakers\/#1564\" target=\"_blank\">Nathaniel Dalton, Affiliated Managers Group<\/a> \u2013 <em>Permanent Partner to Great Investors<\/em><\/strong><\/td>\n<\/tr>\n<tr>\n<td style=\"text-align: center;\">14.50-15.30<\/td>\n<td><strong><a href=\"https:\/\/www.valueinvest.com\/london\/speakers\/#1667\" target=\"_blank\">Dato\u2019 Cheah Cheng Hye, Value Partners Group<\/a> \u2013 <em>The Chinese Stockmarket: from Ugly Duckling to Beautiful Princess<\/em><\/strong><\/td>\n<\/tr>\n<tr>\n<td style=\"text-align: center;\">15.30-15.50<\/td>\n<td><strong><a href=\"https:\/\/www.valueinvest.com\/london\/simon-denison-smith\/\" target=\"_blank\">Simon Denison-Smith, Metropolis Capital<\/a> \u2013 <em>Growth hiding Value<\/em><\/strong><\/td>\n<\/tr>\n<tr>\n<td style=\"text-align: center;\">15.50-16.10<\/td>\n<td><strong><a href=\"https:\/\/www.valueinvest.com\/london\/speakers\/#1749\" target=\"_blank\">Kevin Murphy, Schroders<\/a><em> \u2013 Value: What\u2019s your Perspective?<\/em><\/strong><\/td>\n<\/tr>\n<tr>\n<td style=\"text-align: center;\">16.10-16.40<\/td>\n<td><strong>Tea and networking break<\/strong><\/td>\n<\/tr>\n<tr>\n<td style=\"text-align: center;\">16.40-17.00<\/td>\n<td><a href=\"https:\/\/www.valueinvest.com\/london\/speakers\/#1672\" target=\"_blank\"><strong>Bernd Ondruch, Astellon Capital Partners<\/strong><\/a><strong> \u2013 <em>Volkswagen \u2013 in Rust we Trust<\/em><\/strong><\/td>\n<\/tr>\n<tr>\n<td style=\"text-align: center;\">17.00-17.20<\/td>\n<td><strong><a title=\"Ivan Martin\" href=\"https:\/\/www.valueinvest.com\/london\/speakers\/\">Iv\u00e1n Mart\u00edn Ar\u00e1nguez, Magallanes Value Investors<\/a> \u2013 <em>There&#8217;s Always Something to Do<\/em><\/strong><\/td>\n<\/tr>\n<tr>\n<td style=\"text-align: center;\">17.20-17.30<\/td>\n<td><strong>Ann Chalmers, Child Bereavement UK &#8211; <em>21 years of Rebuilding Lives Together<\/em><br \/>\n<\/strong><\/td>\n<\/tr>\n<tr>\n<td style=\"text-align: center;\">17.30-18.30<\/td>\n<td><strong><a href=\"https:\/\/www.valueinvest.com\/london\/speakers\/#1567\" target=\"_blank\">Neil Woodford, Woodford Investment Management<\/a> \u2013 <em>Audience Q&amp;A led by David Shapiro<\/em><br \/>\n<\/strong><\/td>\n<\/tr>\n<tr>\n<td style=\"text-align: center;\">18.30-19.30<\/td>\n<td><strong>Networking Reception<br \/>\n<\/strong><\/td>\n<\/tr>\n<tr>\n<td style=\"text-align: center;\">19.45-22.00<\/td>\n<td><strong><a href=\"https:\/\/www.valueinvest.com\/london\/the-peter-cundill-foundation-dinner\" target=\"_blank\">The Peter Cundill Foundation dinner in aid of Child Bereavement UK \u2013 Churchill Room, Palace of Westminster<\/a> (separate booking is required to attend this dinner)<br \/>\n<\/strong><\/td>\n<\/tr>\n<\/tbody>\n<\/table>\n<p>&nbsp;<\/p>\n<p>&nbsp;<\/p>\n","protected":false},"excerpt":{"rendered":"<p>2015 conference overview video Photos from London Value Investor Conference 2015 Click here to view photos of the Peter Cundill Foundation Dinner in Aid of Child Bereavement UK &nbsp; Moderator:<\/p>\n","protected":false},"author":2,"featured_media":0,"parent":0,"menu_order":0,"comment_status":"closed","ping_status":"closed","template":"","meta":{"footnotes":""},"_links":{"self":[{"href":"https:\/\/www.valueinvest.com\/hongkong\/wp-json\/wp\/v2\/pages\/189"}],"collection":[{"href":"https:\/\/www.valueinvest.com\/hongkong\/wp-json\/wp\/v2\/pages"}],"about":[{"href":"https:\/\/www.valueinvest.com\/hongkong\/wp-json\/wp\/v2\/types\/page"}],"author":[{"embeddable":true,"href":"https:\/\/www.valueinvest.com\/hongkong\/wp-json\/wp\/v2\/users\/2"}],"replies":[{"embeddable":true,"href":"https:\/\/www.valueinvest.com\/hongkong\/wp-json\/wp\/v2\/comments?post=189"}],"version-history":[{"count":0,"href":"https:\/\/www.valueinvest.com\/hongkong\/wp-json\/wp\/v2\/pages\/189\/revisions"}],"wp:attachment":[{"href":"https:\/\/www.valueinvest.com\/hongkong\/wp-json\/wp\/v2\/media?parent=189"}],"curies":[{"name":"wp","href":"https:\/\/api.w.org\/{rel}","templated":true}]}}